{"id":518,"date":"2026-02-26T13:29:59","date_gmt":"2026-02-26T12:29:59","guid":{"rendered":"https:\/\/www.fanscoremusic.com\/politique-de-confidentialite\/"},"modified":"2026-04-16T15:31:04","modified_gmt":"2026-04-16T13:31:04","slug":"politique-de-confidentialite","status":"publish","type":"page","link":"https:\/\/www.fanscoremusic.com\/fr\/politique-de-confidentialite\/","title":{"rendered":"Politique de confidentialit\u00e9"},"content":{"rendered":"<p>[et_pb_section fb_built=\u00a0\u00bb1&Prime; _builder_version=\u00a0\u00bb4.16&Prime; global_colors_info=\u00a0\u00bb{}\u00a0\u00bb][et_pb_row _builder_version=\u00a0\u00bb4.27.6&Prime; _module_preset=\u00a0\u00bbdefault\u00a0\u00bb global_colors_info=\u00a0\u00bb{}\u00a0\u00bb][et_pb_column type=\u00a0\u00bb4_4&Prime; _builder_version=\u00a0\u00bb4.27.6&Prime; _module_preset=\u00a0\u00bbdefault\u00a0\u00bb global_colors_info=\u00a0\u00bb{}\u00a0\u00bb][et_pb_heading title=\u00a0\u00bbPolitique de confidentialit\u00e9\u00a0\u00bb _builder_version=\u00a0\u00bb4.27.6&Prime; _module_preset=\u00a0\u00bbdefault\u00a0\u00bb title_text_color=\u00a0\u00bbgcid-588a63ab-05ed-4be2-bb3f-c494339aee76&Prime; title_font_size=\u00a0\u00bb88px\u00a0\u00bb global_colors_info=\u00a0\u00bb{%22gcid-588a63ab-05ed-4be2-bb3f-c494339aee76%22:%91%22title_text_color%22%93}\u00a0\u00bb][\/et_pb_heading][\/et_pb_column][\/et_pb_row][et_pb_row _builder_version=\u00a0\u00bb4.16&Prime; background_size=\u00a0\u00bbinitial\u00a0\u00bb background_position=\u00a0\u00bbtop_left\u00a0\u00bb background_repeat=\u00a0\u00bbrepeat\u00a0\u00bb global_colors_info=\u00a0\u00bb{}\u00a0\u00bb][et_pb_column type=\u00a0\u00bb4_4&Prime; _builder_version=\u00a0\u00bb4.16&Prime; custom_padding=\u00a0\u00bb|||\u00a0\u00bb global_colors_info=\u00a0\u00bb{}\u00a0\u00bb custom_padding__hover=\u00a0\u00bb|||\u00a0\u00bb][et_pb_text _builder_version=\u00a0\u00bb4.27.6&Prime; header_text_color=\u00a0\u00bbgcid-588a63ab-05ed-4be2-bb3f-c494339aee76&Prime; header_font_size=\u00a0\u00bb88px\u00a0\u00bb header_line_height=\u00a0\u00bb1.3em\u00a0\u00bb header_2_text_color=\u00a0\u00bbgcid-588a63ab-05ed-4be2-bb3f-c494339aee76&Prime; header_2_font_size=\u00a0\u00bb64px\u00a0\u00bb header_2_line_height=\u00a0\u00bb1.3em\u00a0\u00bb header_3_text_color=\u00a0\u00bbgcid-588a63ab-05ed-4be2-bb3f-c494339aee76&Prime; header_3_font_size=\u00a0\u00bb48px\u00a0\u00bb header_3_line_height=\u00a0\u00bb1.3em\u00a0\u00bb header_4_text_color=\u00a0\u00bbgcid-588a63ab-05ed-4be2-bb3f-c494339aee76&Prime; header_4_font_size=\u00a0\u00bb36px\u00a0\u00bb header_4_line_height=\u00a0\u00bb1.3em\u00a0\u00bb header_5_text_color=\u00a0\u00bbgcid-588a63ab-05ed-4be2-bb3f-c494339aee76&Prime; header_5_font_size=\u00a0\u00bb22px\u00a0\u00bb header_5_line_height=\u00a0\u00bb1.3em\u00a0\u00bb header_6_text_color=\u00a0\u00bbgcid-588a63ab-05ed-4be2-bb3f-c494339aee76&Prime; header_6_font_size=\u00a0\u00bb22px\u00a0\u00bb header_6_line_height=\u00a0\u00bb1.3em\u00a0\u00bb background_size=\u00a0\u00bbinitial\u00a0\u00bb background_position=\u00a0\u00bbtop_left\u00a0\u00bb background_repeat=\u00a0\u00bbrepeat\u00a0\u00bb hover_enabled=\u00a0\u00bb0&Prime; global_colors_info=\u00a0\u00bb{%22gcid-588a63ab-05ed-4be2-bb3f-c494339aee76%22:%91%22header_text_color%22,%22header_2_text_color%22,%22header_3_text_color%22,%22header_4_text_color%22,%22header_5_text_color%22,%22header_6_text_color%22%93}\u00a0\u00bb sticky_enabled=\u00a0\u00bb0&Prime;]<\/p>\n<p><strong>Derni\u00e8re mise \u00e0 jour :<\/strong> 4 mars 2026<\/p>\n<p><\/p>\n<section id=\"qui-sommes-nous\">\n<h2>Qui sommes-nous<\/h2>\n<p>L&rsquo;adresse de notre site web est : <a href=\"https:\/\/www.fanscoremusic.com\/fr\/\">https:\/\/www.fanscoremusic.com<\/a>.<\/p>\n<\/section>\n<p><\/p>\n<section id=\"responsable-traitement\">\n<h2>Responsable du traitement<\/h2>\n<p>WITEK MEDIA SARL agit en qualit\u00e9 de responsable du traitement des donn\u00e9es personnelles collect\u00e9es sur ce site web.<br \/>Immatricul\u00e9e au Registre du Commerce et des Soci\u00e9t\u00e9s de Paris sous le num\u00e9ro 522 004 860.<br \/>Si\u00e8ge social : 28 rue de la Bo\u00e9tie, 75008 Paris, France.<\/p>\n<p>Contact RGPD \/ confidentialit\u00e9 : <a href=\"mailto:rgpd@fanscorequizz.com\">rgpd@fanscorequizz.com<\/a><\/p>\n<\/section>\n<p><\/p>\n<section id=\"hebergement\">\n<h2>H\u00e9bergement<\/h2>\n<p>Ce site web est h\u00e9berg\u00e9 par1&amp;1 IONOS SARL<br \/>7 place de la Gare 57200 Sarreguemines<br \/>09 70 80 89 11<br \/>info@ionos.fr<br \/><a href=\"https:\/\/www.ovh.com\" target=\"_blank\" rel=\"noopener\">Website: <\/a><a href=\"https:\/\/www.ionos.fr\/\" target=\"_blank\" rel=\"noopener\">https:\/\/www.ionos.fr\/<\/a><\/p>\n<\/section>\n<p><\/p>\n<section id=\"finalite-traitement\">\n<h2>Finalit\u00e9 du traitement<\/h2>\n<p>WITEK MEDIA traite des donn\u00e9es personnelles afin de g\u00e9rer sa relation avec les utilisateurs et clients, et de fournir les services propos\u00e9s sur le site web. Les \u00ab Donn\u00e9es personnelles \u00bb d\u00e9signent toute information permettant d&rsquo;identifier (directement ou indirectement) un utilisateur.<\/p>\n<p>Les donn\u00e9es personnelles peuvent comprendre :<\/p>\n<ul>\n<li>les donn\u00e9es fournies volontairement par l&rsquo;utilisateur lors d&rsquo;une demande de d\u00e9mo sur le site <a href=\"https:\/\/www.fanscorequizz.com\" target=\"_blank\" rel=\"noopener\">www.fanscorequizz.com<\/a>, et\/ou<\/li>\n<li>les donn\u00e9es que l&rsquo;utilisateur peut fournir ult\u00e9rieurement dans le cadre d&rsquo;une demande d&rsquo;enqu\u00eate musicale, d&rsquo;une commande de services et\/ou de l&rsquo;utilisation d&rsquo;un compte personnel.<\/li>\n<\/ul>\n<p>Les op\u00e9rations de traitement sont n\u00e9cessaires \u00e0 la fourniture des services demand\u00e9s par l&rsquo;utilisateur et sont principalement fond\u00e9es sur l&rsquo;ex\u00e9cution d&rsquo;un contrat.<br \/>Lorsque les donn\u00e9es sont utilis\u00e9es \u00e0 des fins de prospection commerciale, ce traitement est fond\u00e9 sur le consentement pr\u00e9alable de l&rsquo;utilisateur.<\/p>\n<p>Les donn\u00e9es collect\u00e9es sont destin\u00e9es aux services concern\u00e9s de WITEK MEDIA et, le cas \u00e9ch\u00e9ant, \u00e0 ses sous-traitants et prestataires de services. Ces sous-traitants\/prestataires sont tenus par des obligations de confidentialit\u00e9 et ne peuvent utiliser vos donn\u00e9es qu&rsquo;en conformit\u00e9 avec la l\u00e9gislation applicable.<\/p>\n<\/section>\n<p><\/p>\n<section id=\"analytics\">\n<h2>Analytique<\/h2>\n<p>Nous utilisons Matomo pour mesurer l&rsquo;audience et am\u00e9liorer le site web. Selon vos choix en mati\u00e8re de cookies, Matomo peut d\u00e9poser des cookies ou utiliser des technologies similaires sur votre appareil.<\/p>\n<\/section>\n<p><\/p>\n<section id=\"identifiants-compte\">\n<h2>Identifiants et mots de passe du compte personnel<\/h2>\n<p>Les identifiants de connexion et mots de passe d\u00e9finis par l&rsquo;utilisateur sont personnels et confidentiels. Les utilisateurs ne doivent pas les communiquer \u00e0 des tiers et restent seuls responsables de leur utilisation. WITEK MEDIA ne saurait \u00eatre tenue responsable de l&rsquo;utilisation de ces identifiants par un tiers.<\/p>\n<p>En cas de perte, d&rsquo;utilisation abusive ou d&rsquo;utilisation non autoris\u00e9e d&rsquo;identifiants\/mots de passe, l&rsquo;utilisateur doit en informer WITEK MEDIA sans d\u00e9lai afin que l&rsquo;acc\u00e8s puisse \u00eatre bloqu\u00e9 et\/ou qu&rsquo;un nouveau mot de passe puisse \u00eatre \u00e9mis.<\/p>\n<\/section>\n<p><\/p>\n<section id=\"commentaires\">\n<h2>Commentaires<\/h2>\n<p>Lorsque les visiteurs laissent des commentaires sur le site, nous collectons les donn\u00e9es affich\u00e9es dans le formulaire de commentaires, ainsi que l&rsquo;adresse IP du visiteur et la cha\u00eene d&rsquo;identification du navigateur (user agent) afin de contribuer \u00e0 la d\u00e9tection des spams.<\/p>\n<p>Une cha\u00eene anonymis\u00e9e cr\u00e9\u00e9e \u00e0 partir de votre adresse e-mail (\u00e9galement appel\u00e9e hash) peut \u00eatre transmise au service Gravatar afin de v\u00e9rifier si vous l&rsquo;utilisez. La politique de confidentialit\u00e9 du service Gravatar est disponible ici : <a href=\"https:\/\/automattic.com\/privacy\/\" target=\"_blank\" rel=\"noopener\">https:\/\/automattic.com\/privacy\/<\/a>.<br \/>Apr\u00e8s approbation de votre commentaire, votre photo de profil est visible publiquement dans le contexte de votre commentaire.<\/p>\n<\/section>\n<p><\/p>\n<section id=\"medias\">\n<h2>M\u00e9dias<\/h2>\n<p>Si vous t\u00e9l\u00e9versez des images sur le site web, vous devriez \u00e9viter de t\u00e9l\u00e9verser des images contenant des donn\u00e9es de localisation int\u00e9gr\u00e9es. Les visiteurs du site web peuvent t\u00e9l\u00e9charger et extraire toute donn\u00e9e de localisation pr\u00e9sente dans les images du site.<\/p>\n<\/section>\n<p><\/p>\n<section id=\"cookies\">\n<h2>Cookies<\/h2>\n<p>Ce site web utilise des cookies. Les cookies sont de petits fichiers de donn\u00e9es stock\u00e9s sur votre appareil qui facilitent la navigation et l&rsquo;utilisation des fonctionnalit\u00e9s du site. Les cookies sont utilis\u00e9s aux fins d\u00e9crites ci-dessous, sous r\u00e9serve des choix que vous pouvez effectuer et modifier \u00e0 tout moment via les param\u00e8tres de votre navigateur.<\/p>\n<h3>Cookies de commentaires<\/h3>\n<p>Si vous laissez un commentaire, vous pouvez choisir d&rsquo;enregistrer votre nom, adresse e-mail et site web dans des cookies. Cette option vous \u00e9vite de saisir \u00e0 nouveau vos informations lors d&rsquo;un prochain commentaire. Ces cookies ont une dur\u00e9e de vie d&rsquo;un an.<\/p>\n<h3>Cookies de connexion<\/h3>\n<p>Si vous visitez notre page de connexion, nous placerons un cookie temporaire pour d\u00e9terminer si votre navigateur accepte les cookies. Ce cookie ne contient aucune donn\u00e9e personnelle et est supprim\u00e9 \u00e0 la fermeture de votre navigateur.<\/p>\n<p>Lors de votre connexion, nous installerons \u00e9galement plusieurs cookies pour enregistrer vos informations de connexion et vos pr\u00e9f\u00e9rences d&rsquo;affichage. Les cookies de connexion durent deux jours et les cookies de pr\u00e9f\u00e9rences d&rsquo;affichage durent un an. Si vous cochez \u00ab Se souvenir de moi \u00bb, votre connexion sera maintenue pendant deux semaines. Si vous vous d\u00e9connectez de votre compte, les cookies de connexion seront supprim\u00e9s.<\/p>\n<h3>Cookies d&rsquo;\u00e9dition<\/h3>\n<p>Si vous modifiez ou publiez un article, un cookie suppl\u00e9mentaire sera enregistr\u00e9 dans votre navigateur. Ce cookie ne contient aucune donn\u00e9e personnelle et indique simplement l&rsquo;identifiant de l&rsquo;article que vous venez de modifier. Il expire apr\u00e8s 1 jour.<\/p>\n<h3>Finalit\u00e9s des cookies<\/h3>\n<p>Les cookies \u00e9mis sur ce site web peuvent nous permettre de :<\/p>\n<ul>\n<li>utiliser les fonctionnalit\u00e9s du site et acc\u00e9der aux services ;<\/li>\n<li>m\u00e9moriser des informations relatives \u00e0 un formulaire que vous avez rempli (par ex. inscription) et\/ou aux pages que vous avez visit\u00e9es ;<\/li>\n<li>produire des statistiques de trafic et des mesures d&rsquo;utilisation afin d&rsquo;am\u00e9liorer la pertinence et l&rsquo;ergonomie du site.<\/li>\n<\/ul>\n<p>Vous pouvez vous opposer aux cookies en configurant votre navigateur. Veuillez noter que le blocage\/la suppression des cookies peut vous emp\u00eacher de naviguer correctement sur le site et limiter l&rsquo;acc\u00e8s \u00e0 certaines fonctionnalit\u00e9s.<\/p>\n<h3>G\u00e9rer vos pr\u00e9f\u00e9rences en mati\u00e8re de cookies<\/h3>\n<p>Un outil\/lien de gestion des pr\u00e9f\u00e9rences de cookies est en cours de cr\u00e9ation. En attendant, vous pouvez g\u00e9rer les cookies via les param\u00e8tres de votre navigateur.<br \/><a href=\"#\">Param\u00e8tres des cookies (bient\u00f4t disponible)<\/a><\/p>\n<\/section>\n<p><\/p>\n<section id=\"contenu-embarque\">\n<h2>Contenu embarqu\u00e9 provenant d&rsquo;autres sites web<\/h2>\n<p>Les articles de ce site peuvent inclure du contenu embarqu\u00e9 (par ex. vid\u00e9os, images, articles, etc.). Le contenu embarqu\u00e9 provenant d&rsquo;autres sites web se comporte exactement comme si le visiteur avait visit\u00e9 ces autres sites web.<\/p>\n<p>Ces sites web peuvent collecter des donn\u00e9es vous concernant, utiliser des cookies, int\u00e9grer des outils de suivi tiers suppl\u00e9mentaires et surveiller votre interaction avec ce contenu embarqu\u00e9, y compris le suivi de vos interactions si vous disposez d&rsquo;un compte et \u00eates connect\u00e9 \u00e0 ce site web.<\/p>\n<\/section>\n<p><\/p>\n<section id=\"partage-donnees\">\n<h2>Avec qui partageons-nous vos donn\u00e9es<\/h2>\n<p>Si vous demandez une r\u00e9initialisation de mot de passe, votre adresse IP sera incluse dans l&rsquo;e-mail de r\u00e9initialisation.<\/p>\n<\/section>\n<p><\/p>\n<section id=\"duree-conservation\">\n<h2>Dur\u00e9e de conservation de vos donn\u00e9es<\/h2>\n<p>Les donn\u00e9es personnelles peuvent \u00eatre conserv\u00e9es pour une dur\u00e9e maximale de 3 ans \u00e0 compter de la fin de la relation contractuelle.<\/p>\n<p>Si vous laissez un commentaire, le commentaire et ses m\u00e9tadonn\u00e9es sont conserv\u00e9s ind\u00e9finiment. Cela nous permet de reconna\u00eetre et d&rsquo;approuver automatiquement les commentaires de suivi au lieu de les placer dans une file d&rsquo;attente de mod\u00e9ration.<\/p>\n<p>Pour les utilisateurs qui s&rsquo;inscrivent sur notre site web (le cas \u00e9ch\u00e9ant), nous stockons \u00e9galement les informations personnelles qu&rsquo;ils fournissent dans leur profil utilisateur. Tous les utilisateurs peuvent consulter, modifier ou supprimer leurs informations personnelles \u00e0 tout moment (sauf qu&rsquo;ils ne peuvent pas modifier leur nom d&rsquo;utilisateur). Les administrateurs du site web peuvent \u00e9galement consulter et modifier ces informations.<\/p>\n<\/section>\n<p><\/p>\n<section id=\"droits\">\n<h2>Quels droits vous avez sur vos donn\u00e9es<\/h2>\n<p>Vous disposez des droits suivants concernant vos donn\u00e9es personnelles :<\/p>\n<ul>\n<li>droit d&rsquo;acc\u00e8s, de rectification et d&rsquo;effacement des donn\u00e9es personnelles (inexactes, incompl\u00e8tes, ambigu\u00ebs ou obsol\u00e8tes) ;<\/li>\n<li>droit d&rsquo;opposition \u00e0 tout moment au traitement \u00e0 des fins de prospection commerciale ;<\/li>\n<li>droit \u00e0 la limitation du traitement dans les conditions applicables ;<\/li>\n<li>droit \u00e0 la portabilit\u00e9 des donn\u00e9es ;<\/li>\n<li>droit de retirer votre consentement \u00e0 tout moment lorsque le traitement est fond\u00e9 sur le consentement ;<\/li>\n<li>droit d&rsquo;introduire une r\u00e9clamation aupr\u00e8s d&rsquo;une autorit\u00e9 de contr\u00f4le.<\/li>\n<\/ul>\n<p>Pour exercer vos droits, veuillez \u00e9crire soit par courrier \u00e0 :<\/p>\n<address><strong>WITEK MEDIA \u2013 Protection des donn\u00e9es \u2013 28 rue de la Bo\u00e9tie, 75008 Paris, France <\/strong>ou par e-mail \u00e0 : <a href=\"mailto:rgpd@fanscorequizz.com\">rgpd@fanscorequizz.com<\/a>.<\/address>\n<p>En France, vous pouvez \u00e9galement introduire une r\u00e9clamation aupr\u00e8s de la CNIL : <a href=\"https:\/\/www.cnil.fr\" target=\"_blank\" rel=\"noopener\">https:\/\/www.cnil.fr<\/a>.<\/p>\n<\/section>\n<p><\/p>\n<section id=\"transfert-donnees\">\n<h2>O\u00f9 vos donn\u00e9es sont envoy\u00e9es<\/h2>\n<p>Les commentaires des visiteurs peuvent \u00eatre v\u00e9rifi\u00e9s par un service automatis\u00e9 de d\u00e9tection des spams.<\/p>\n<\/section>\n<p>[\/et_pb_text][\/et_pb_column][\/et_pb_row][\/et_pb_section]<\/p>\n","protected":false},"excerpt":{"rendered":"<p>Derni\u00e8re mise \u00e0 jour : 4 mars 2026 Qui sommes-nous L&rsquo;adresse de notre site web est : https:\/\/www.fanscoremusic.com. Responsable du traitement WITEK MEDIA SARL agit en qualit\u00e9 de responsable du traitement des donn\u00e9es personnelles collect\u00e9es sur ce site web.Immatricul\u00e9e au Registre du Commerce et des Soci\u00e9t\u00e9s de Paris sous le num\u00e9ro 522 004 860.Si\u00e8ge social [&hellip;]<\/p>\n","protected":false},"author":1,"featured_media":0,"parent":0,"menu_order":0,"comment_status":"closed","ping_status":"open","template":"","meta":{"_et_pb_use_builder":"on","_et_pb_old_content":"","_et_gb_content_width":"","footnotes":""},"class_list":["post-518","page","type-page","status-publish","hentry"],"_links":{"self":[{"href":"https:\/\/www.fanscoremusic.com\/fr\/wp-json\/wp\/v2\/pages\/518","targetHints":{"allow":["GET"]}}],"collection":[{"href":"https:\/\/www.fanscoremusic.com\/fr\/wp-json\/wp\/v2\/pages"}],"about":[{"href":"https:\/\/www.fanscoremusic.com\/fr\/wp-json\/wp\/v2\/types\/page"}],"author":[{"embeddable":true,"href":"https:\/\/www.fanscoremusic.com\/fr\/wp-json\/wp\/v2\/users\/1"}],"replies":[{"embeddable":true,"href":"https:\/\/www.fanscoremusic.com\/fr\/wp-json\/wp\/v2\/comments?post=518"}],"version-history":[{"count":30,"href":"https:\/\/www.fanscoremusic.com\/fr\/wp-json\/wp\/v2\/pages\/518\/revisions"}],"predecessor-version":[{"id":1083,"href":"https:\/\/www.fanscoremusic.com\/fr\/wp-json\/wp\/v2\/pages\/518\/revisions\/1083"}],"wp:attachment":[{"href":"https:\/\/www.fanscoremusic.com\/fr\/wp-json\/wp\/v2\/media?parent=518"}],"curies":[{"name":"wp","href":"https:\/\/api.w.org\/{rel}","templated":true}]}}